{"id":22,"date":"2020-09-11T11:24:21","date_gmt":"2020-09-11T09:24:21","guid":{"rendered":"http:\/\/printmore-service.de\/?page_id=22"},"modified":"2026-01-16T15:21:42","modified_gmt":"2026-01-16T14:21:42","slug":"impressum-datenschutz","status":"publish","type":"page","link":"https:\/\/printmore-service.de\/?page_id=22","title":{"rendered":"Impressum"},"content":{"rendered":"<p><span style=\"color: #00305e;\">Nathan Schreiner<\/span><\/p>\n<p><span style=\"color: #00305e;\">Industriemeister Druck<br \/>\n<\/span><\/p>\n<p><span style=\"color: #00305e;\">Kurpfalzstra\u00dfe 36<\/span><\/p>\n<p><span style=\"color: #00305e;\">D-67435 Neustadt an der Weinstra\u00dfe (Mu\u00dfbach)<\/span><\/p>\n<p><span style=\"color: #00305e;\">Fon \u00a0 \u00a0+49 (63 21) 48 30 244<\/span><\/p>\n<p><span style=\"color: #00305e;\">Mobil +49 (171) 93 78 301<\/span><\/p>\n<p><span style=\"color: #00305e;\">info(at)printmore-service.de<\/span><\/p>\n<p><span style=\"color: #00305e;\"><a style=\"color: #00305e;\" href=\"http:\/\/www.printmore-service.de\">www.printmore-service.de<\/a><\/span><\/p>\n<p><span style=\"color: #00305e;\">Steuer-Nr. 24\/155\/4224\/5<\/span><\/p>\n<p><span style=\"color: #00305e;\">USt.-ID-Nr. DE234813101<br \/>\n<\/span><\/p>\n","protected":false},"excerpt":{"rendered":"<p>Nathan Schreiner Industriemeister Druck Kurpfalzstra\u00dfe 36 D-67435 Neustadt an der Weinstra\u00dfe (Mu\u00dfbach) Fon \u00a0 \u00a0+49 (63 21) 48 30 244 Mobil +49 (171) 93 78 301 info(at)printmore-service.de www.printmore-service.de Steuer-Nr. 24\/155\/4224\/5 USt.-ID-Nr. DE234813101<\/p>\n","protected":false},"author":1,"featured_media":0,"parent":0,"menu_order":0,"comment_status":"closed","ping_status":"closed","template":"","meta":[],"_links":{"self":[{"href":"https:\/\/printmore-service.de\/index.php?rest_route=\/wp\/v2\/pages\/22"}],"collection":[{"href":"https:\/\/printmore-service.de\/index.php?rest_route=\/wp\/v2\/pages"}],"about":[{"href":"https:\/\/printmore-service.de\/index.php?rest_route=\/wp\/v2\/types\/page"}],"author":[{"embeddable":true,"href":"https:\/\/printmore-service.de\/index.php?rest_route=\/wp\/v2\/users\/1"}],"replies":[{"embeddable":true,"href":"https:\/\/printmore-service.de\/index.php?rest_route=%2Fwp%2Fv2%2Fcomments&post=22"}],"version-history":[{"count":26,"href":"https:\/\/printmore-service.de\/index.php?rest_route=\/wp\/v2\/pages\/22\/revisions"}],"predecessor-version":[{"id":430,"href":"https:\/\/printmore-service.de\/index.php?rest_route=\/wp\/v2\/pages\/22\/revisions\/430"}],"wp:attachment":[{"href":"https:\/\/printmore-service.de\/index.php?rest_route=%2Fwp%2Fv2%2Fmedia&parent=22"}],"curies":[{"name":"wp","href":"https:\/\/api.w.org\/{rel}","templated":true}]}}