{"id":51,"date":"2020-09-11T11:25:17","date_gmt":"2020-09-11T09:25:17","guid":{"rendered":"http:\/\/printmore-service.de\/?page_id=51"},"modified":"2025-04-01T10:51:41","modified_gmt":"2025-04-01T08:51:41","slug":"portfolio-2","status":"publish","type":"page","link":"https:\/\/printmore-service.de\/?page_id=51","title":{"rendered":"Portfolio"},"content":{"rendered":"<p><a href=\"http:\/\/printmore-service.de\/?attachment_id=238\" rel=\"attachment wp-att-238\"><img decoding=\"async\" loading=\"lazy\" class=\"wp-image-238 alignnone\" src=\"http:\/\/printmore-service.de\/wp-content\/uploads\/Fotolia_190087886_S-Kopie-300x85.jpg\" alt=\"\" width=\"423\" height=\"120\" srcset=\"https:\/\/printmore-service.de\/wp-content\/uploads\/Fotolia_190087886_S-Kopie-300x85.jpg 300w, https:\/\/printmore-service.de\/wp-content\/uploads\/Fotolia_190087886_S-Kopie-768x217.jpg 768w, https:\/\/printmore-service.de\/wp-content\/uploads\/Fotolia_190087886_S-Kopie-1024x290.jpg 1024w, https:\/\/printmore-service.de\/wp-content\/uploads\/Fotolia_190087886_S-Kopie.jpg 1162w\" sizes=\"(max-width: 423px) 100vw, 423px\" \/><\/a><\/p>\n<ul>\n<li><span style=\"color: #00305e;\">Konzeption<br \/>\n<\/span><\/li>\n<li><span style=\"color: #00305e;\">Digitalfotografie<\/span><\/li>\n<li><span style=\"color: #00305e;\">Grafik-Design<\/span><\/li>\n<li><span style=\"color: #00305e;\">Web-Design<\/span><\/li>\n<li><span style=\"color: #00305e;\">Pflege von Websites und Shops<\/span><\/li>\n<li><span style=\"color: #00305e;\">Desktop-Publishing<\/span><\/li>\n<li><span style=\"color: #00305e;\">Bannersysteme<\/span><\/li>\n<li><span style=\"color: #00305e;\">Fahnen<\/span><\/li>\n<li><span style=\"color: #00305e;\">Schilder<\/span><\/li>\n<li><span style=\"color: #00305e;\">Dekoration f\u00fcr POS-Systeme<\/span><\/li>\n<li><span style=\"color: #00305e;\">Gesch\u00e4ftsausstattungen<\/span><\/li>\n<li><span style=\"color: #00305e;\">Prospekte<\/span><\/li>\n<li><span style=\"color: #00305e;\">Kataloge<\/span><\/li>\n<li><span style=\"color: #00305e;\">B\u00fccher<\/span><\/li>\n<li><span style=\"color: #00305e;\">Chroniken<\/span><\/li>\n<li><span style=\"color: #00305e;\">Kalender<\/span><\/li>\n<li><span style=\"color: #00305e;\">Plakate<\/span><\/li>\n<li><span style=\"color: #00305e;\">Verpackungen<\/span><\/li>\n<li><span style=\"color: #00305e;\">Lettershop<\/span><\/li>\n<li><span style=\"color: #00305e;\">Werbeartik<\/span>el alle<span style=\"color: #00305e;\">r Ar<\/span>t<\/li>\n<li><span style=\"color: #00305e;\">Textilien\u00a0<\/span><\/li>\n<\/ul>\n","protected":false},"excerpt":{"rendered":"<p>Konzeption Digitalfotografie Grafik-Design Web-Design Pflege von Websites und Shops Desktop-Publishing Bannersysteme Fahnen Schilder Dekoration f\u00fcr POS-Systeme Gesch\u00e4ftsausstattungen Prospekte Kataloge B\u00fccher Chroniken Kalender Plakate Verpackungen Lettershop Werbeartikel aller Art Textilien\u00a0<\/p>\n","protected":false},"author":1,"featured_media":0,"parent":0,"menu_order":0,"comment_status":"closed","ping_status":"closed","template":"","meta":[],"_links":{"self":[{"href":"https:\/\/printmore-service.de\/index.php?rest_route=\/wp\/v2\/pages\/51"}],"collection":[{"href":"https:\/\/printmore-service.de\/index.php?rest_route=\/wp\/v2\/pages"}],"about":[{"href":"https:\/\/printmore-service.de\/index.php?rest_route=\/wp\/v2\/types\/page"}],"author":[{"embeddable":true,"href":"https:\/\/printmore-service.de\/index.php?rest_route=\/wp\/v2\/users\/1"}],"replies":[{"embeddable":true,"href":"https:\/\/printmore-service.de\/index.php?rest_route=%2Fwp%2Fv2%2Fcomments&post=51"}],"version-history":[{"count":18,"href":"https:\/\/printmore-service.de\/index.php?rest_route=\/wp\/v2\/pages\/51\/revisions"}],"predecessor-version":[{"id":426,"href":"https:\/\/printmore-service.de\/index.php?rest_route=\/wp\/v2\/pages\/51\/revisions\/426"}],"wp:attachment":[{"href":"https:\/\/printmore-service.de\/index.php?rest_route=%2Fwp%2Fv2%2Fmedia&parent=51"}],"curies":[{"name":"wp","href":"https:\/\/api.w.org\/{rel}","templated":true}]}}