{"id":65,"date":"2020-09-11T11:20:11","date_gmt":"2020-09-11T09:20:11","guid":{"rendered":"http:\/\/printmore-service.de\/?page_id=65"},"modified":"2025-04-01T10:57:11","modified_gmt":"2025-04-01T08:57:11","slug":"angebot","status":"publish","type":"page","link":"https:\/\/printmore-service.de\/?page_id=65","title":{"rendered":"Angebot"},"content":{"rendered":"<p style=\"text-align: center;\"><a href=\"http:\/\/printmore-service.de\/?attachment_id=244\" rel=\"attachment wp-att-244\"><img decoding=\"async\" loading=\"lazy\" class=\" wp-image-244 aligncenter\" src=\"http:\/\/printmore-service.de\/wp-content\/uploads\/Fotolia_64343543_S-300x157.jpg\" alt=\"\" width=\"467\" height=\"244\" srcset=\"https:\/\/printmore-service.de\/wp-content\/uploads\/Fotolia_64343543_S-300x157.jpg 300w, https:\/\/printmore-service.de\/wp-content\/uploads\/Fotolia_64343543_S-768x401.jpg 768w, https:\/\/printmore-service.de\/wp-content\/uploads\/Fotolia_64343543_S.jpg 959w\" sizes=\"(max-width: 467px) 100vw, 467px\" \/><\/a><span style=\"color: #00305e;\"><strong>Sie haben eine eigene Homepage oder einen Webshop?<\/strong><\/span><span style=\"color: #00305e;\"><a href=\"https:\/\/printmore-service.de\/?attachment_id=374\" rel=\"attachment wp-att-374\"><img decoding=\"async\" loading=\"lazy\" class=\"alignnone size-medium wp-image-374 aligncenter\" src=\"https:\/\/printmore-service.de\/wp-content\/uploads\/Farbkleckse-300x110.png\" alt=\"\" width=\"300\" height=\"110\" srcset=\"https:\/\/printmore-service.de\/wp-content\/uploads\/Farbkleckse-300x110.png 300w, https:\/\/printmore-service.de\/wp-content\/uploads\/Farbkleckse-1024x374.png 1024w, https:\/\/printmore-service.de\/wp-content\/uploads\/Farbkleckse-768x280.png 768w, https:\/\/printmore-service.de\/wp-content\/uploads\/Farbkleckse.png 1260w\" sizes=\"(max-width: 300px) 100vw, 300px\" \/><\/a><\/span><span style=\"color: #00305e;\"><strong>Ihren alten Grafiker bzw. Dienstleister gibt es nicht mehr?<\/strong><\/span><a href=\"https:\/\/printmore-service.de\/?attachment_id=375\" rel=\"attachment wp-att-375\"><img decoding=\"async\" loading=\"lazy\" class=\"size-medium wp-image-375 aligncenter\" src=\"https:\/\/printmore-service.de\/wp-content\/uploads\/Farbkleckse_2-300x110.png\" alt=\"\" width=\"300\" height=\"110\" srcset=\"https:\/\/printmore-service.de\/wp-content\/uploads\/Farbkleckse_2-300x110.png 300w, https:\/\/printmore-service.de\/wp-content\/uploads\/Farbkleckse_2-1024x374.png 1024w, https:\/\/printmore-service.de\/wp-content\/uploads\/Farbkleckse_2-768x280.png 768w, https:\/\/printmore-service.de\/wp-content\/uploads\/Farbkleckse_2.png 1260w\" sizes=\"(max-width: 300px) 100vw, 300px\" \/><\/a><span style=\"color: #00305e;\"><strong>Sie haben keine Zeit Ihre Seite oder Ihren Shop zu pflegen?<\/strong><\/span><span style=\"color: #00305e;\"><strong><a href=\"https:\/\/printmore-service.de\/?attachment_id=374\" rel=\"attachment wp-att-374\"><img decoding=\"async\" loading=\"lazy\" class=\"size-medium wp-image-374 aligncenter\" src=\"https:\/\/printmore-service.de\/wp-content\/uploads\/Farbkleckse-300x110.png\" alt=\"\" width=\"300\" height=\"110\" srcset=\"https:\/\/printmore-service.de\/wp-content\/uploads\/Farbkleckse-300x110.png 300w, https:\/\/printmore-service.de\/wp-content\/uploads\/Farbkleckse-1024x374.png 1024w, https:\/\/printmore-service.de\/wp-content\/uploads\/Farbkleckse-768x280.png 768w, https:\/\/printmore-service.de\/wp-content\/uploads\/Farbkleckse.png 1260w\" sizes=\"(max-width: 300px) 100vw, 300px\" \/><\/a><\/strong><\/span><span style=\"color: #00305e;\"><strong>Dann sind Sie bei <a href=\"https:\/\/printmore-service.de\/?attachment_id=182\" rel=\"attachment wp-att-182\"><img decoding=\"async\" loading=\"lazy\" class=\"wp-image-182 aligncenter\" src=\"https:\/\/printmore-service.de\/wp-content\/uploads\/logo-neu-300x80.png\" alt=\"\" width=\"208\" height=\"53\" \/><\/a>richtig!<\/strong><\/span><\/p>\n<p style=\"text-align: center;\"><span style=\"color: #00305e;\"><strong>Wir sind seit \u00fcber 20 Jahren f\u00fcr Sie da und zeichnen uns<\/strong><\/span><\/p>\n<p style=\"text-align: center;\"><span style=\"color: #00305e;\"><strong>durch Zuverl\u00e4ssigkeit, guten Service, Kompetenz und Qualit\u00e4t aus.<\/strong><\/span><\/p>\n<p style=\"text-align: center;\"><span style=\"color: #00305e;\"><strong>Gerne unterst\u00fctzen wir Sie bei der Pflege Ihrer Homepage<\/strong><\/span><\/p>\n<p style=\"text-align: center;\"><span style=\"color: #00305e;\"><strong>oder vielleicht auch bei der Neugestaltung Ihres Webauftritts.<\/strong><\/span><\/p>\n<p style=\"text-align: center;\"><span style=\"color: #00305e;\"><strong>Fragen Sie uns:\u00a0<\/strong><\/span><\/p>\n<p style=\"text-align: center;\"><span style=\"color: #00305e;\"><strong>info@printmore-service.de<\/strong><\/span><\/p>\n<p style=\"text-align: center;\"><span style=\"color: #00305e;\"><strong>Mobil 0171\/9378301<\/strong><\/span><\/p>\n<p style=\"text-align: center;\"><strong><span style=\"color: #00305e;\">Festnetz 06321\/4830244<\/span><br \/><\/strong><\/p>\n\n\n<p><\/p>\n","protected":false},"excerpt":{"rendered":"<p>Sie haben eine eigene Homepage oder einen Webshop?Ihren alten Grafiker bzw. Dienstleister gibt es nicht mehr?Sie haben keine Zeit Ihre Seite oder Ihren Shop zu pflegen?Dann sind Sie bei richtig! Wir sind seit \u00fcber 20 Jahren f\u00fcr Sie da und zeichnen uns durch Zuverl\u00e4ssigkeit, guten Service, Kompetenz und Qualit\u00e4t aus. Gerne unterst\u00fctzen wir Sie bei &hellip; <\/p>\n<p class=\"link-more\"><a href=\"https:\/\/printmore-service.de\/?page_id=65\" class=\"more-link\"><span class=\"screen-reader-text\">\u201eAngebot\u201c<\/span> weiterlesen<\/a><\/p>\n","protected":false},"author":1,"featured_media":0,"parent":0,"menu_order":0,"comment_status":"closed","ping_status":"closed","template":"","meta":[],"_links":{"self":[{"href":"https:\/\/printmore-service.de\/index.php?rest_route=\/wp\/v2\/pages\/65"}],"collection":[{"href":"https:\/\/printmore-service.de\/index.php?rest_route=\/wp\/v2\/pages"}],"about":[{"href":"https:\/\/printmore-service.de\/index.php?rest_route=\/wp\/v2\/types\/page"}],"author":[{"embeddable":true,"href":"https:\/\/printmore-service.de\/index.php?rest_route=\/wp\/v2\/users\/1"}],"replies":[{"embeddable":true,"href":"https:\/\/printmore-service.de\/index.php?rest_route=%2Fwp%2Fv2%2Fcomments&post=65"}],"version-history":[{"count":23,"href":"https:\/\/printmore-service.de\/index.php?rest_route=\/wp\/v2\/pages\/65\/revisions"}],"predecessor-version":[{"id":420,"href":"https:\/\/printmore-service.de\/index.php?rest_route=\/wp\/v2\/pages\/65\/revisions\/420"}],"wp:attachment":[{"href":"https:\/\/printmore-service.de\/index.php?rest_route=%2Fwp%2Fv2%2Fmedia&parent=65"}],"curies":[{"name":"wp","href":"https:\/\/api.w.org\/{rel}","templated":true}]}}