{"id":75,"date":"2020-09-11T11:25:25","date_gmt":"2020-09-11T09:25:25","guid":{"rendered":"http:\/\/printmore-service.de\/?page_id=75"},"modified":"2026-01-16T15:24:05","modified_gmt":"2026-01-16T14:24:05","slug":"zur-person","status":"publish","type":"page","link":"https:\/\/printmore-service.de\/?page_id=75","title":{"rendered":"Zur Person"},"content":{"rendered":"<h4><img decoding=\"async\" loading=\"lazy\" class=\"alignnone  wp-image-49\" src=\"http:\/\/printmore-service.de\/wp-content\/uploads\/Nathan-Schreiner-300x300.png\" alt=\"\" width=\"197\" height=\"197\" srcset=\"https:\/\/printmore-service.de\/wp-content\/uploads\/Nathan-Schreiner-300x300.png 300w, https:\/\/printmore-service.de\/wp-content\/uploads\/Nathan-Schreiner-150x150.png 150w, https:\/\/printmore-service.de\/wp-content\/uploads\/Nathan-Schreiner-768x768.png 768w, https:\/\/printmore-service.de\/wp-content\/uploads\/Nathan-Schreiner-1024x1024.png 1024w, https:\/\/printmore-service.de\/wp-content\/uploads\/Nathan-Schreiner-100x100.png 100w, https:\/\/printmore-service.de\/wp-content\/uploads\/Nathan-Schreiner.png 1124w\" sizes=\"(max-width: 197px) 100vw, 197px\" \/><\/h4>\n<h4><strong><span style=\"color: #00305e;\">Beruflicher Werdegang<br \/>\n<\/span><\/strong><\/h4>\n<ul>\n<li><span style=\"color: #00305e;\">3-j\u00e4hrige Ausbildung zum Schriftsetzer<\/span><\/li>\n<li><span style=\"color: #00305e;\">5-j\u00e4hrige Berufserfahrung in der Druckformherstellung<\/span><\/li>\n<li><span style=\"color: #00305e;\">2-j\u00e4hrige Ausbildung zum Industriemeister Druck<\/span><\/li>\n<li><span style=\"color: #00305e;\">Viele Jahre\u00a0DTP-Erfahrung<\/span><\/li>\n<li><span style=\"color: #00305e;\">Spezifische Kenntnisse im Akzidenzdruck, der Druckvorstufe und der Druckweiterverarbeitung.<\/span><\/li>\n<li><span style=\"color: #00305e;\">Mehrj\u00e4hrige T\u00e4tigkeit im Verkaufsinnen- und Au\u00dfendienst, <\/span><span style=\"color: #00305e;\">Assistenz der Gesch\u00e4ftsleitung\u00a0in Gro\u00df-,\u00a0Mittel- und Kleinbetrieben.<\/span><\/li>\n<li><span style=\"color: #00305e;\">Gr\u00fcndung von print&amp;more im Februar 2004<\/span><\/li>\n<li><span style=\"color: #00305e;\">\u00dcber 20 Jahre print&amp;more 2025<br \/>\n<\/span><\/li>\n<\/ul>\n<h4><span style=\"color: #00305e;\"><strong>Hobbys<br \/>\n<\/strong><\/span><\/h4>\n<ul>\n<li><span style=\"color: #00305e;\">Lizenzierter Trainer f\u00fcr Indoor-Cycling (Spinning)<\/span><\/li>\n<li><span style=\"color: #00305e;\">Mountainbiking<\/span><\/li>\n<li><span style=\"color: #00305e;\">Wandern<br \/>\n<\/span><\/li>\n<\/ul>\n","protected":false},"excerpt":{"rendered":"<p>Beruflicher Werdegang 3-j\u00e4hrige Ausbildung zum Schriftsetzer 5-j\u00e4hrige Berufserfahrung in der Druckformherstellung 2-j\u00e4hrige Ausbildung zum Industriemeister Druck Viele Jahre\u00a0DTP-Erfahrung Spezifische Kenntnisse im Akzidenzdruck, der Druckvorstufe und der Druckweiterverarbeitung. Mehrj\u00e4hrige T\u00e4tigkeit im Verkaufsinnen- und Au\u00dfendienst, Assistenz der Gesch\u00e4ftsleitung\u00a0in Gro\u00df-,\u00a0Mittel- und Kleinbetrieben. Gr\u00fcndung von print&amp;more im Februar 2004 \u00dcber 20 Jahre print&amp;more 2025 Hobbys Lizenzierter Trainer f\u00fcr Indoor-Cycling &hellip; <\/p>\n<p class=\"link-more\"><a href=\"https:\/\/printmore-service.de\/?page_id=75\" class=\"more-link\"><span class=\"screen-reader-text\">\u201eZur Person\u201c<\/span> weiterlesen<\/a><\/p>\n","protected":false},"author":1,"featured_media":0,"parent":0,"menu_order":0,"comment_status":"closed","ping_status":"closed","template":"","meta":[],"_links":{"self":[{"href":"https:\/\/printmore-service.de\/index.php?rest_route=\/wp\/v2\/pages\/75"}],"collection":[{"href":"https:\/\/printmore-service.de\/index.php?rest_route=\/wp\/v2\/pages"}],"about":[{"href":"https:\/\/printmore-service.de\/index.php?rest_route=\/wp\/v2\/types\/page"}],"author":[{"embeddable":true,"href":"https:\/\/printmore-service.de\/index.php?rest_route=\/wp\/v2\/users\/1"}],"replies":[{"embeddable":true,"href":"https:\/\/printmore-service.de\/index.php?rest_route=%2Fwp%2Fv2%2Fcomments&post=75"}],"version-history":[{"count":21,"href":"https:\/\/printmore-service.de\/index.php?rest_route=\/wp\/v2\/pages\/75\/revisions"}],"predecessor-version":[{"id":432,"href":"https:\/\/printmore-service.de\/index.php?rest_route=\/wp\/v2\/pages\/75\/revisions\/432"}],"wp:attachment":[{"href":"https:\/\/printmore-service.de\/index.php?rest_route=%2Fwp%2Fv2%2Fmedia&parent=75"}],"curies":[{"name":"wp","href":"https:\/\/api.w.org\/{rel}","templated":true}]}}